{"id":268,"date":"2026-02-07T15:38:18","date_gmt":"2026-02-07T15:38:18","guid":{"rendered":"https:\/\/digibysonmez.com\/?page_id=268"},"modified":"2026-02-07T15:38:19","modified_gmt":"2026-02-07T15:38:19","slug":"mesafeli-satis-sozlesmesi-2","status":"publish","type":"page","link":"https:\/\/digibysonmez.com\/tr\/mesafeli-satis-sozlesmesi-2\/","title":{"rendered":"MESAFEL\u0130 SATI\u015e S\u00d6ZLE\u015eMES\u0130"},"content":{"rendered":"<h2 class=\"wp-block-heading\"><strong>1. Taraflar<\/strong><\/h2>\n\n\n\n<p>\u0130\u015fbu Mesafeli Sat\u0131\u015f S\u00f6zle\u015fmesi (\u201cS\u00f6zle\u015fme\u201d);<\/p>\n\n\n\n<h3 class=\"wp-block-heading\"><strong>Sat\u0131c\u0131:<\/strong><\/h3>\n\n\n\n<p><strong>Ticari \u00dcnvan:<\/strong> G\u00fcl\u015fah S\u00f6nmez<br><strong>Yetkili:<\/strong> G\u00fcl\u015fah S\u00f6nmez<br><strong>Vergi Dairesi:<\/strong> Nil\u00fcfer<br><strong>Vergi No:<\/strong> 4090415229<br><strong>Adres:<\/strong><br>Y\u00fcz\u00fcnc\u00fcy\u0131l Mah. Prof. Dr. Erdal \u0130n\u00f6n\u00fc Cad.<br>Dalg\u0131\u00e7 Sitesi B Blok Kat:2 Daire:5<br>Nil\u00fcfer \/ Bursa \/ T\u00fcrkiye<br><strong>E-posta:<\/strong> <a>info@digibysonmez.com<\/a><br><strong>Web Sitesi:<\/strong> <a href=\"https:\/\/digibysonmez.com\/tr\/?utm_source=chatgpt.com\">https:\/\/digibysonmez.com<\/a><\/p>\n\n\n\n<p>ve<\/p>\n\n\n\n<h3 class=\"wp-block-heading\"><strong>Al\u0131c\u0131:<\/strong><\/h3>\n\n\n\n<p>Web sitesi \u00fczerinden sipari\u015f veren ger\u00e7ek veya t\u00fczel ki\u015fi<\/p>\n\n\n\n<p>aras\u0131nda akdedilmi\u015ftir.<\/p>\n\n\n\n<p>Al\u0131c\u0131, sipari\u015f vererek i\u015fbu S\u00f6zle\u015fme\u2019yi kabul etti\u011fini beyan eder.<\/p>\n\n\n\n<hr class=\"wp-block-separator has-alpha-channel-opacity\"\/>\n\n\n\n<h2 class=\"wp-block-heading\"><strong>2. S\u00f6zle\u015fmenin Konusu<\/strong><\/h2>\n\n\n\n<p>\u0130\u015fbu S\u00f6zle\u015fme, dijital \u00fcr\u00fcnlerin sat\u0131\u015f\u0131 ile ilgili olarak taraflar\u0131n hak ve y\u00fck\u00fcml\u00fcl\u00fcklerini, y\u00fcr\u00fcrl\u00fckteki t\u00fcketici mevzuat\u0131na uygun \u015fekilde d\u00fczenler.<\/p>\n\n\n\n<hr class=\"wp-block-separator has-alpha-channel-opacity\"\/>\n\n\n\n<h2 class=\"wp-block-heading\"><strong>3. \u00dcr\u00fcn Bilgileri<\/strong><\/h2>\n\n\n\n<ul class=\"wp-block-list\">\n<li>Web sitesi \u00fczerinden sat\u0131lan t\u00fcm \u00fcr\u00fcnler <strong>dijital \u00fcr\u00fcnlerdir<\/strong>.<\/li>\n\n\n\n<li><strong>Fiziksel \u00fcr\u00fcn g\u00f6nderimi yap\u0131lmamaktad\u0131r.<\/strong><\/li>\n\n\n\n<li>Kargo veya teslimat \u00fccreti bulunmamaktad\u0131r.<\/li>\n\n\n\n<li>Dijital \u00fcr\u00fcnler, <strong>e-posta veya g\u00fcvenli indirme ba\u011flant\u0131s\u0131<\/strong> yoluyla teslim edilir.<\/li>\n<\/ul>\n\n\n\n<hr class=\"wp-block-separator has-alpha-channel-opacity\"\/>\n\n\n\n<h2 class=\"wp-block-heading\"><strong>4. Teslimat<\/strong><\/h2>\n\n\n\n<p>Dijital \u00fcr\u00fcnler, \u00f6demenin ba\u015far\u0131yla tamamlanmas\u0131n\u0131n ard\u0131ndan <strong>derhal veya en ge\u00e7 24 saat i\u00e7erisinde<\/strong> teslim edilir.<\/p>\n\n\n\n<p>Dijital i\u00e7eri\u011fe eri\u015fimin sa\u011flanmas\u0131 ile teslimat tamamlanm\u0131\u015f say\u0131l\u0131r.<\/p>\n\n\n\n<hr class=\"wp-block-separator has-alpha-channel-opacity\"\/>\n\n\n\n<h2 class=\"wp-block-heading\"><strong>5. Fiyatlar ve \u00d6deme<\/strong><\/h2>\n\n\n\n<p>Fiyatlar web sitesinde belirtilmi\u015f olup, aksi belirtilmedi\u011fi s\u00fcrece <strong>vergiler dahildir<\/strong>.<br>\u00d6deme, web sitesinde sunulan y\u00f6ntemler arac\u0131l\u0131\u011f\u0131yla yap\u0131l\u0131r.<\/p>\n\n\n\n<hr class=\"wp-block-separator has-alpha-channel-opacity\"\/>\n\n\n\n<h2 class=\"wp-block-heading\"><strong>6. Cayma Hakk\u0131<\/strong><\/h2>\n\n\n\n<p>Dijital \u00fcr\u00fcnlerin niteli\u011fi gere\u011fi;<\/p>\n\n\n\n<ul class=\"wp-block-list\">\n<li><strong>Cayma hakk\u0131 bulunmamaktad\u0131r.<\/strong><\/li>\n\n\n\n<li>T\u00fcm sat\u0131\u015flar kesindir.<\/li>\n\n\n\n<li>Dijital \u00fcr\u00fcne eri\u015fim sa\u011fland\u0131ktan sonra <strong>iade veya geri \u00f6deme yap\u0131lmaz<\/strong>.<\/li>\n<\/ul>\n\n\n\n<p>Al\u0131c\u0131, sat\u0131n alma i\u015flemini tamamlayarak cayma hakk\u0131ndan a\u00e7\u0131k\u00e7a feragat etti\u011fini kabul eder.<\/p>\n\n\n\n<hr class=\"wp-block-separator has-alpha-channel-opacity\"\/>\n\n\n\n<h2 class=\"wp-block-heading\"><strong>7. Fikri M\u00fclkiyet Haklar\u0131<\/strong><\/h2>\n\n\n\n<p>T\u00fcm dijital \u00fcr\u00fcnler fikri m\u00fclkiyet mevzuat\u0131 kapsam\u0131nda korunmaktad\u0131r.<br>Al\u0131c\u0131, \u00fcr\u00fcn\u00fc <strong>devredilemez<\/strong> \u015fekilde kullanma hakk\u0131 elde eder; \u00fcr\u00fcn\u00fc satamaz, \u00e7o\u011faltamaz, da\u011f\u0131tamaz veya payla\u015famaz.<\/p>\n\n\n\n<hr class=\"wp-block-separator has-alpha-channel-opacity\"\/>\n\n\n\n<h2 class=\"wp-block-heading\"><strong>8. Sorumlulu\u011fun S\u0131n\u0131rland\u0131r\u0131lmas\u0131<\/strong><\/h2>\n\n\n\n<p>Sat\u0131c\u0131, makul kontrol\u00fc d\u0131\u015f\u0131ndaki teknik sorunlardan veya dijital \u00fcr\u00fcn\u00fcn hatal\u0131 kullan\u0131m\u0131ndan sorumlu tutulamaz.<\/p>\n\n\n\n<hr class=\"wp-block-separator has-alpha-channel-opacity\"\/>\n\n\n\n<h2 class=\"wp-block-heading\"><strong>9. Uygulanacak Hukuk<\/strong><\/h2>\n\n\n\n<p>\u0130\u015fbu S\u00f6zle\u015fme, <strong>T\u00fcrkiye Cumhuriyeti hukukuna<\/strong> tabidir.<br>Uyu\u015fmazl\u0131klarda T\u00fcrkiye Cumhuriyeti <strong>yetkili mahkemeleri ve icra daireleri<\/strong> yetkilidir.<\/p>\n\n\n\n<hr class=\"wp-block-separator has-alpha-channel-opacity\"\/>\n\n\n\n<h2 class=\"wp-block-heading\"><strong>10. Kabul<\/strong><\/h2>\n\n\n\n<p>Al\u0131c\u0131, sat\u0131n alma i\u015flemini tamamlayarak i\u015fbu S\u00f6zle\u015fme\u2019yi okudu\u011funu ve kabul etti\u011fini beyan eder.<\/p>\n\n\n\n<hr class=\"wp-block-separator has-alpha-channel-opacity\"\/>\n\n\n\n<p><strong>Son G\u00fcncelleme:<\/strong> \u015eubat 2026<\/p>","protected":false},"excerpt":{"rendered":"<p>1. Taraflar \u0130\u015fbu Mesafeli Sat\u0131\u015f S\u00f6zle\u015fmesi (\u201cS\u00f6zle\u015fme\u201d); Sat\u0131c\u0131: Ticari \u00dcnvan: G\u00fcl\u015fah S\u00f6nmezYetkili: G\u00fcl\u015fah S\u00f6nmezVergi Dairesi: Nil\u00fcferVergi No: 4090415229Adres:Y\u00fcz\u00fcnc\u00fcy\u0131l Mah. Prof. [&hellip;]<\/p>\n","protected":false},"author":1,"featured_media":0,"parent":0,"menu_order":0,"comment_status":"closed","ping_status":"closed","template":"","meta":{"_coblocks_attr":"","_coblocks_dimensions":"","_coblocks_responsive_height":"","_coblocks_accordion_ie_support":"","site-sidebar-layout":"default","site-content-layout":"","ast-site-content-layout":"default","site-content-style":"default","site-sidebar-style":"default","ast-global-header-display":"","ast-banner-title-visibility":"","ast-main-header-display":"","ast-hfb-above-header-display":"","ast-hfb-below-header-display":"","ast-hfb-mobile-header-display":"","site-post-title":"","ast-breadcrumbs-content":"","ast-featured-img":"","footer-sml-layout":"","ast-disable-related-posts":"","theme-transparent-header-meta":"","adv-header-id-meta":"","stick-header-meta":"","header-above-stick-meta":"","header-main-stick-meta":"","header-below-stick-meta":"","astra-migrate-meta-layouts":"default","ast-page-background-enabled":"default","ast-page-background-meta":{"desktop":{"background-color":"var(--ast-global-color-5)","background-image":"","background-repeat":"repeat","background-position":"center center","background-size":"auto","background-attachment":"scroll","background-type":"","background-media":"","overlay-type":"","overlay-color":"","overlay-opacity":"","overlay-gradient":""},"tablet":{"background-color":"","background-image":"","background-repeat":"repeat","background-position":"center center","background-size":"auto","background-attachment":"scroll","background-type":"","background-media":"","overlay-type":"","overlay-color":"","overlay-opacity":"","overlay-gradient":""},"mobile":{"background-color":"","background-image":"","background-repeat":"repeat","background-position":"center center","background-size":"auto","background-attachment":"scroll","background-type":"","background-media":"","overlay-type":"","overlay-color":"","overlay-opacity":"","overlay-gradient":""}},"ast-content-background-meta":{"desktop":{"background-color":"var(--ast-global-color-4)","background-image":"","background-repeat":"repeat","background-position":"center center","background-size":"auto","background-attachment":"scroll","background-type":"","background-media":"","overlay-type":"","overlay-color":"","overlay-opacity":"","overlay-gradient":""},"tablet":{"background-color":"var(--ast-global-color-4)","background-image":"","background-repeat":"repeat","background-position":"center center","background-size":"auto","background-attachment":"scroll","background-type":"","background-media":"","overlay-type":"","overlay-color":"","overlay-opacity":"","overlay-gradient":""},"mobile":{"background-color":"var(--ast-global-color-4)","background-image":"","background-repeat":"repeat","background-position":"center center","background-size":"auto","background-attachment":"scroll","background-type":"","background-media":"","overlay-type":"","overlay-color":"","overlay-opacity":"","overlay-gradient":""}},"footnotes":""},"class_list":["post-268","page","type-page","status-publish","hentry"],"yoast_head":"<!-- This site is optimized with the Yoast SEO plugin v27.6 - https:\/\/yoast.com\/product\/yoast-seo-wordpress\/ -->\n<title>MESAFEL\u0130 SATI\u015e S\u00d6ZLE\u015eMES\u0130 -<\/title>\n<meta name=\"robots\" content=\"index, follow, max-snippet:-1, max-image-preview:large, max-video-preview:-1\" \/>\n<link rel=\"canonical\" href=\"https:\/\/digibysonmez.com\/tr\/mesafeli-satis-sozlesmesi-2\/\" \/>\n<meta property=\"og:locale\" content=\"tr_TR\" \/>\n<meta property=\"og:type\" content=\"article\" \/>\n<meta property=\"og:title\" content=\"MESAFEL\u0130 SATI\u015e S\u00d6ZLE\u015eMES\u0130 -\" \/>\n<meta property=\"og:description\" content=\"1. Taraflar \u0130\u015fbu Mesafeli Sat\u0131\u015f S\u00f6zle\u015fmesi (\u201cS\u00f6zle\u015fme\u201d); Sat\u0131c\u0131: Ticari \u00dcnvan: G\u00fcl\u015fah S\u00f6nmezYetkili: G\u00fcl\u015fah S\u00f6nmezVergi Dairesi: Nil\u00fcferVergi No: 4090415229Adres:Y\u00fcz\u00fcnc\u00fcy\u0131l Mah. Prof. [&hellip;]\" \/>\n<meta property=\"og:url\" content=\"https:\/\/digibysonmez.com\/tr\/mesafeli-satis-sozlesmesi-2\/\" \/>\n<meta property=\"article:modified_time\" content=\"2026-02-07T15:38:19+00:00\" \/>\n<meta name=\"twitter:card\" content=\"summary_large_image\" \/>\n<meta name=\"twitter:label1\" content=\"Tahmini okuma s\u00fcresi\" \/>\n\t<meta name=\"twitter:data1\" content=\"2 dakika\" \/>\n<script type=\"application\/ld+json\" class=\"yoast-schema-graph\">{\"@context\":\"https:\\\/\\\/schema.org\",\"@graph\":[{\"@type\":\"WebPage\",\"@id\":\"https:\\\/\\\/digibysonmez.com\\\/mesafeli-satis-sozlesmesi-2\\\/\",\"url\":\"https:\\\/\\\/digibysonmez.com\\\/mesafeli-satis-sozlesmesi-2\\\/\",\"name\":\"MESAFEL\u0130 SATI\u015e S\u00d6ZLE\u015eMES\u0130 -\",\"isPartOf\":{\"@id\":\"https:\\\/\\\/digibysonmez.com\\\/#website\"},\"datePublished\":\"2026-02-07T15:38:18+00:00\",\"dateModified\":\"2026-02-07T15:38:19+00:00\",\"breadcrumb\":{\"@id\":\"https:\\\/\\\/digibysonmez.com\\\/mesafeli-satis-sozlesmesi-2\\\/#breadcrumb\"},\"inLanguage\":\"tr\",\"potentialAction\":[{\"@type\":\"ReadAction\",\"target\":[\"https:\\\/\\\/digibysonmez.com\\\/mesafeli-satis-sozlesmesi-2\\\/\"]}]},{\"@type\":\"BreadcrumbList\",\"@id\":\"https:\\\/\\\/digibysonmez.com\\\/mesafeli-satis-sozlesmesi-2\\\/#breadcrumb\",\"itemListElement\":[{\"@type\":\"ListItem\",\"position\":1,\"name\":\"Home\",\"item\":\"https:\\\/\\\/digibysonmez.com\\\/\"},{\"@type\":\"ListItem\",\"position\":2,\"name\":\"MESAFEL\u0130 SATI\u015e S\u00d6ZLE\u015eMES\u0130\"}]},{\"@type\":\"WebSite\",\"@id\":\"https:\\\/\\\/digibysonmez.com\\\/#website\",\"url\":\"https:\\\/\\\/digibysonmez.com\\\/\",\"name\":\"\",\"description\":\"\",\"potentialAction\":[{\"@type\":\"SearchAction\",\"target\":{\"@type\":\"EntryPoint\",\"urlTemplate\":\"https:\\\/\\\/digibysonmez.com\\\/?s={search_term_string}\"},\"query-input\":{\"@type\":\"PropertyValueSpecification\",\"valueRequired\":true,\"valueName\":\"search_term_string\"}}],\"inLanguage\":\"tr\"}]}<\/script>\n<!-- \/ Yoast SEO plugin. -->","yoast_head_json":{"title":"MESAFEL\u0130 SATI\u015e S\u00d6ZLE\u015eMES\u0130 -","robots":{"index":"index","follow":"follow","max-snippet":"max-snippet:-1","max-image-preview":"max-image-preview:large","max-video-preview":"max-video-preview:-1"},"canonical":"https:\/\/digibysonmez.com\/tr\/mesafeli-satis-sozlesmesi-2\/","og_locale":"tr_TR","og_type":"article","og_title":"MESAFEL\u0130 SATI\u015e S\u00d6ZLE\u015eMES\u0130 -","og_description":"1. Taraflar \u0130\u015fbu Mesafeli Sat\u0131\u015f S\u00f6zle\u015fmesi (\u201cS\u00f6zle\u015fme\u201d); Sat\u0131c\u0131: Ticari \u00dcnvan: G\u00fcl\u015fah S\u00f6nmezYetkili: G\u00fcl\u015fah S\u00f6nmezVergi Dairesi: Nil\u00fcferVergi No: 4090415229Adres:Y\u00fcz\u00fcnc\u00fcy\u0131l Mah. Prof. [&hellip;]","og_url":"https:\/\/digibysonmez.com\/tr\/mesafeli-satis-sozlesmesi-2\/","article_modified_time":"2026-02-07T15:38:19+00:00","twitter_card":"summary_large_image","twitter_misc":{"Tahmini okuma s\u00fcresi":"2 dakika"},"schema":{"@context":"https:\/\/schema.org","@graph":[{"@type":"WebPage","@id":"https:\/\/digibysonmez.com\/mesafeli-satis-sozlesmesi-2\/","url":"https:\/\/digibysonmez.com\/mesafeli-satis-sozlesmesi-2\/","name":"MESAFEL\u0130 SATI\u015e S\u00d6ZLE\u015eMES\u0130 -","isPartOf":{"@id":"https:\/\/digibysonmez.com\/#website"},"datePublished":"2026-02-07T15:38:18+00:00","dateModified":"2026-02-07T15:38:19+00:00","breadcrumb":{"@id":"https:\/\/digibysonmez.com\/mesafeli-satis-sozlesmesi-2\/#breadcrumb"},"inLanguage":"tr","potentialAction":[{"@type":"ReadAction","target":["https:\/\/digibysonmez.com\/mesafeli-satis-sozlesmesi-2\/"]}]},{"@type":"BreadcrumbList","@id":"https:\/\/digibysonmez.com\/mesafeli-satis-sozlesmesi-2\/#breadcrumb","itemListElement":[{"@type":"ListItem","position":1,"name":"Home","item":"https:\/\/digibysonmez.com\/"},{"@type":"ListItem","position":2,"name":"MESAFEL\u0130 SATI\u015e S\u00d6ZLE\u015eMES\u0130"}]},{"@type":"WebSite","@id":"https:\/\/digibysonmez.com\/#website","url":"https:\/\/digibysonmez.com\/","name":"","description":"","potentialAction":[{"@type":"SearchAction","target":{"@type":"EntryPoint","urlTemplate":"https:\/\/digibysonmez.com\/?s={search_term_string}"},"query-input":{"@type":"PropertyValueSpecification","valueRequired":true,"valueName":"search_term_string"}}],"inLanguage":"tr"}]}},"jetpack_sharing_enabled":true,"_links":{"self":[{"href":"https:\/\/digibysonmez.com\/tr\/wp-json\/wp\/v2\/pages\/268","targetHints":{"allow":["GET"]}}],"collection":[{"href":"https:\/\/digibysonmez.com\/tr\/wp-json\/wp\/v2\/pages"}],"about":[{"href":"https:\/\/digibysonmez.com\/tr\/wp-json\/wp\/v2\/types\/page"}],"author":[{"embeddable":true,"href":"https:\/\/digibysonmez.com\/tr\/wp-json\/wp\/v2\/users\/1"}],"replies":[{"embeddable":true,"href":"https:\/\/digibysonmez.com\/tr\/wp-json\/wp\/v2\/comments?post=268"}],"version-history":[{"count":1,"href":"https:\/\/digibysonmez.com\/tr\/wp-json\/wp\/v2\/pages\/268\/revisions"}],"predecessor-version":[{"id":269,"href":"https:\/\/digibysonmez.com\/tr\/wp-json\/wp\/v2\/pages\/268\/revisions\/269"}],"wp:attachment":[{"href":"https:\/\/digibysonmez.com\/tr\/wp-json\/wp\/v2\/media?parent=268"}],"curies":[{"name":"wp","href":"https:\/\/api.w.org\/{rel}","templated":true}]}}