{"id":278,"date":"2026-02-07T16:24:01","date_gmt":"2026-02-07T16:24:01","guid":{"rendered":"https:\/\/digibysonmez.com\/?page_id=278"},"modified":"2026-02-07T16:24:05","modified_gmt":"2026-02-07T16:24:05","slug":"satis-politikasi","status":"publish","type":"page","link":"https:\/\/digibysonmez.com\/tr\/satis-politikasi\/","title":{"rendered":"Sat\u0131\u015f Politikas\u0131"},"content":{"rendered":"<p>Bu web sitesinde <strong>\u201cdigibysonmez\u201d<\/strong> markas\u0131 alt\u0131nda sunulan t\u00fcm \u00fcr\u00fcn ve hizmetler <strong>dijital i\u00e7erik<\/strong> ve <strong>abonelik tabanl\u0131 hizmetlerden<\/strong> olu\u015fmaktad\u0131r.<br><strong>Fiziksel \u00fcr\u00fcn sat\u0131\u015f\u0131 veya teslimat\u0131 yap\u0131lmamaktad\u0131r.<\/strong><\/p>\n\n\n\n<p>Abonelikler <strong>ayl\u0131k olarak faturaland\u0131r\u0131l\u0131r<\/strong> ve kullan\u0131c\u0131 taraf\u0131ndan bir sonraki fatura d\u00f6neminden \u00f6nce iptal edilmedi\u011fi s\u00fcrece <strong>otomatik olarak yenilenir<\/strong>.<\/p>\n\n\n\n<p>\u00d6demeler, \u00f6deme sayfas\u0131nda belirtilen <strong>g\u00fcvenli \u00e7evrim i\u00e7i \u00f6deme y\u00f6ntemleri<\/strong> arac\u0131l\u0131\u011f\u0131yla ger\u00e7ekle\u015ftirilir. \u00dccretler, sat\u0131n alma an\u0131nda \u00f6deme sayfas\u0131nda g\u00f6r\u00fcnt\u00fclenen tutarlar \u00fczerinden tahsil edilir.<\/p>\n\n\n\n<p>Kullan\u0131c\u0131lar aboneliklerini <strong>hesaplar\u0131 \u00fczerinden<\/strong> veya <strong>m\u00fc\u015fteri deste\u011fi ile ileti\u015fime ge\u00e7erek<\/strong> istedikleri zaman y\u00f6netebilir veya iptal edebilir.<br>\u0130ptal i\u015flemi, <strong>mevcut fatura d\u00f6neminin sonunda<\/strong> ge\u00e7erli olur.<\/p>\n\n\n\n<p>Bu Sat\u0131\u015f Politikas\u0131; web sitesinde yer alan <strong>Teslimat Ko\u015fullar\u0131<\/strong>, <strong>\u0130ptal ve \u0130ade Politikas\u0131<\/strong> ve <strong>Gizlilik Politikas\u0131<\/strong> ile birlikte de\u011ferlendirilmelidir.<\/p>","protected":false},"excerpt":{"rendered":"<p>Bu web sitesinde \u201cdigibysonmez\u201d markas\u0131 alt\u0131nda sunulan t\u00fcm \u00fcr\u00fcn ve hizmetler dijital i\u00e7erik ve abonelik tabanl\u0131 hizmetlerden olu\u015fmaktad\u0131r.Fiziksel \u00fcr\u00fcn sat\u0131\u015f\u0131 [&hellip;]<\/p>\n","protected":false},"author":1,"featured_media":0,"parent":0,"menu_order":0,"comment_status":"closed","ping_status":"closed","template":"","meta":{"_coblocks_attr":"","_coblocks_dimensions":"","_coblocks_responsive_height":"","_coblocks_accordion_ie_support":"","site-sidebar-layout":"default","site-content-layout":"","ast-site-content-layout":"default","site-content-style":"default","site-sidebar-style":"default","ast-global-header-display":"","ast-banner-title-visibility":"","ast-main-header-display":"","ast-hfb-above-header-display":"","ast-hfb-below-header-display":"","ast-hfb-mobile-header-display":"","site-post-title":"","ast-breadcrumbs-content":"","ast-featured-img":"","footer-sml-layout":"","ast-disable-related-posts":"","theme-transparent-header-meta":"","adv-header-id-meta":"","stick-header-meta":"","header-above-stick-meta":"","header-main-stick-meta":"","header-below-stick-meta":"","astra-migrate-meta-layouts":"default","ast-page-background-enabled":"default","ast-page-background-meta":{"desktop":{"background-color":"var(--ast-global-color-5)","background-image":"","background-repeat":"repeat","background-position":"center center","background-size":"auto","background-attachment":"scroll","background-type":"","background-media":"","overlay-type":"","overlay-color":"","overlay-opacity":"","overlay-gradient":""},"tablet":{"background-color":"","background-image":"","background-repeat":"repeat","background-position":"center center","background-size":"auto","background-attachment":"scroll","background-type":"","background-media":"","overlay-type":"","overlay-color":"","overlay-opacity":"","overlay-gradient":""},"mobile":{"background-color":"","background-image":"","background-repeat":"repeat","background-position":"center center","background-size":"auto","background-attachment":"scroll","background-type":"","background-media":"","overlay-type":"","overlay-color":"","overlay-opacity":"","overlay-gradient":""}},"ast-content-background-meta":{"desktop":{"background-color":"var(--ast-global-color-4)","background-image":"","background-repeat":"repeat","background-position":"center center","background-size":"auto","background-attachment":"scroll","background-type":"","background-media":"","overlay-type":"","overlay-color":"","overlay-opacity":"","overlay-gradient":""},"tablet":{"background-color":"var(--ast-global-color-4)","background-image":"","background-repeat":"repeat","background-position":"center center","background-size":"auto","background-attachment":"scroll","background-type":"","background-media":"","overlay-type":"","overlay-color":"","overlay-opacity":"","overlay-gradient":""},"mobile":{"background-color":"var(--ast-global-color-4)","background-image":"","background-repeat":"repeat","background-position":"center center","background-size":"auto","background-attachment":"scroll","background-type":"","background-media":"","overlay-type":"","overlay-color":"","overlay-opacity":"","overlay-gradient":""}},"footnotes":""},"class_list":["post-278","page","type-page","status-publish","hentry"],"yoast_head":"<!-- This site is optimized with the Yoast SEO plugin v27.6 - https:\/\/yoast.com\/product\/yoast-seo-wordpress\/ -->\n<title>Sat\u0131\u015f Politikas\u0131 -<\/title>\n<meta name=\"robots\" content=\"index, follow, max-snippet:-1, max-image-preview:large, max-video-preview:-1\" \/>\n<link rel=\"canonical\" href=\"https:\/\/digibysonmez.com\/tr\/satis-politikasi\/\" \/>\n<meta property=\"og:locale\" content=\"tr_TR\" \/>\n<meta property=\"og:type\" content=\"article\" \/>\n<meta property=\"og:title\" content=\"Sat\u0131\u015f Politikas\u0131 -\" \/>\n<meta property=\"og:description\" content=\"Bu web sitesinde \u201cdigibysonmez\u201d markas\u0131 alt\u0131nda sunulan t\u00fcm \u00fcr\u00fcn ve hizmetler dijital i\u00e7erik ve abonelik tabanl\u0131 hizmetlerden olu\u015fmaktad\u0131r.Fiziksel \u00fcr\u00fcn sat\u0131\u015f\u0131 [&hellip;]\" \/>\n<meta property=\"og:url\" content=\"https:\/\/digibysonmez.com\/tr\/satis-politikasi\/\" \/>\n<meta property=\"article:modified_time\" content=\"2026-02-07T16:24:05+00:00\" \/>\n<meta name=\"twitter:card\" content=\"summary_large_image\" \/>\n<meta name=\"twitter:label1\" content=\"Tahmini okuma s\u00fcresi\" \/>\n\t<meta name=\"twitter:data1\" content=\"1 dakika\" \/>\n<script type=\"application\/ld+json\" class=\"yoast-schema-graph\">{\"@context\":\"https:\\\/\\\/schema.org\",\"@graph\":[{\"@type\":\"WebPage\",\"@id\":\"https:\\\/\\\/digibysonmez.com\\\/satis-politikasi\\\/\",\"url\":\"https:\\\/\\\/digibysonmez.com\\\/satis-politikasi\\\/\",\"name\":\"Sat\u0131\u015f Politikas\u0131 -\",\"isPartOf\":{\"@id\":\"https:\\\/\\\/digibysonmez.com\\\/#website\"},\"datePublished\":\"2026-02-07T16:24:01+00:00\",\"dateModified\":\"2026-02-07T16:24:05+00:00\",\"breadcrumb\":{\"@id\":\"https:\\\/\\\/digibysonmez.com\\\/satis-politikasi\\\/#breadcrumb\"},\"inLanguage\":\"tr\",\"potentialAction\":[{\"@type\":\"ReadAction\",\"target\":[\"https:\\\/\\\/digibysonmez.com\\\/satis-politikasi\\\/\"]}]},{\"@type\":\"BreadcrumbList\",\"@id\":\"https:\\\/\\\/digibysonmez.com\\\/satis-politikasi\\\/#breadcrumb\",\"itemListElement\":[{\"@type\":\"ListItem\",\"position\":1,\"name\":\"Home\",\"item\":\"https:\\\/\\\/digibysonmez.com\\\/\"},{\"@type\":\"ListItem\",\"position\":2,\"name\":\"Sat\u0131\u015f Politikas\u0131\"}]},{\"@type\":\"WebSite\",\"@id\":\"https:\\\/\\\/digibysonmez.com\\\/#website\",\"url\":\"https:\\\/\\\/digibysonmez.com\\\/\",\"name\":\"\",\"description\":\"\",\"potentialAction\":[{\"@type\":\"SearchAction\",\"target\":{\"@type\":\"EntryPoint\",\"urlTemplate\":\"https:\\\/\\\/digibysonmez.com\\\/?s={search_term_string}\"},\"query-input\":{\"@type\":\"PropertyValueSpecification\",\"valueRequired\":true,\"valueName\":\"search_term_string\"}}],\"inLanguage\":\"tr\"}]}<\/script>\n<!-- \/ Yoast SEO plugin. -->","yoast_head_json":{"title":"Sat\u0131\u015f Politikas\u0131 -","robots":{"index":"index","follow":"follow","max-snippet":"max-snippet:-1","max-image-preview":"max-image-preview:large","max-video-preview":"max-video-preview:-1"},"canonical":"https:\/\/digibysonmez.com\/tr\/satis-politikasi\/","og_locale":"tr_TR","og_type":"article","og_title":"Sat\u0131\u015f Politikas\u0131 -","og_description":"Bu web sitesinde \u201cdigibysonmez\u201d markas\u0131 alt\u0131nda sunulan t\u00fcm \u00fcr\u00fcn ve hizmetler dijital i\u00e7erik ve abonelik tabanl\u0131 hizmetlerden olu\u015fmaktad\u0131r.Fiziksel \u00fcr\u00fcn sat\u0131\u015f\u0131 [&hellip;]","og_url":"https:\/\/digibysonmez.com\/tr\/satis-politikasi\/","article_modified_time":"2026-02-07T16:24:05+00:00","twitter_card":"summary_large_image","twitter_misc":{"Tahmini okuma s\u00fcresi":"1 dakika"},"schema":{"@context":"https:\/\/schema.org","@graph":[{"@type":"WebPage","@id":"https:\/\/digibysonmez.com\/satis-politikasi\/","url":"https:\/\/digibysonmez.com\/satis-politikasi\/","name":"Sat\u0131\u015f Politikas\u0131 -","isPartOf":{"@id":"https:\/\/digibysonmez.com\/#website"},"datePublished":"2026-02-07T16:24:01+00:00","dateModified":"2026-02-07T16:24:05+00:00","breadcrumb":{"@id":"https:\/\/digibysonmez.com\/satis-politikasi\/#breadcrumb"},"inLanguage":"tr","potentialAction":[{"@type":"ReadAction","target":["https:\/\/digibysonmez.com\/satis-politikasi\/"]}]},{"@type":"BreadcrumbList","@id":"https:\/\/digibysonmez.com\/satis-politikasi\/#breadcrumb","itemListElement":[{"@type":"ListItem","position":1,"name":"Home","item":"https:\/\/digibysonmez.com\/"},{"@type":"ListItem","position":2,"name":"Sat\u0131\u015f Politikas\u0131"}]},{"@type":"WebSite","@id":"https:\/\/digibysonmez.com\/#website","url":"https:\/\/digibysonmez.com\/","name":"","description":"","potentialAction":[{"@type":"SearchAction","target":{"@type":"EntryPoint","urlTemplate":"https:\/\/digibysonmez.com\/?s={search_term_string}"},"query-input":{"@type":"PropertyValueSpecification","valueRequired":true,"valueName":"search_term_string"}}],"inLanguage":"tr"}]}},"jetpack_sharing_enabled":true,"_links":{"self":[{"href":"https:\/\/digibysonmez.com\/tr\/wp-json\/wp\/v2\/pages\/278","targetHints":{"allow":["GET"]}}],"collection":[{"href":"https:\/\/digibysonmez.com\/tr\/wp-json\/wp\/v2\/pages"}],"about":[{"href":"https:\/\/digibysonmez.com\/tr\/wp-json\/wp\/v2\/types\/page"}],"author":[{"embeddable":true,"href":"https:\/\/digibysonmez.com\/tr\/wp-json\/wp\/v2\/users\/1"}],"replies":[{"embeddable":true,"href":"https:\/\/digibysonmez.com\/tr\/wp-json\/wp\/v2\/comments?post=278"}],"version-history":[{"count":1,"href":"https:\/\/digibysonmez.com\/tr\/wp-json\/wp\/v2\/pages\/278\/revisions"}],"predecessor-version":[{"id":279,"href":"https:\/\/digibysonmez.com\/tr\/wp-json\/wp\/v2\/pages\/278\/revisions\/279"}],"wp:attachment":[{"href":"https:\/\/digibysonmez.com\/tr\/wp-json\/wp\/v2\/media?parent=278"}],"curies":[{"name":"wp","href":"https:\/\/api.w.org\/{rel}","templated":true}]}}